{"id":830,"date":"2018-06-24T21:58:05","date_gmt":"2018-06-24T21:58:05","guid":{"rendered":"https:\/\/www.detektei-bayerl.de\/detective-agency-munich-49-89-4895-2299"},"modified":"2018-06-24T22:02:00","modified_gmt":"2018-06-24T22:02:00","slug":"detective-agency-munich-49-89-4895-2299","status":"publish","type":"page","link":"https:\/\/www.detektei-bayerl.de\/en\/detective-agency-munich-49-89-4895-2299","title":{"rendered":"Detective Agency Munich | +49 89 4895 2299"},"content":{"rendered":"<div class=\"fusion-fullwidth fullwidth-box fusion-builder-row-1 nonhundred-percent-fullwidth non-hundred-percent-height-scrolling\" style=\"background-color: rgba(255,255,255,0);background-position: center center;background-repeat: no-repeat;padding-top:0px;padding-right:0px;padding-bottom:0px;padding-left:0px;margin-bottom: 0px;margin-top: 0px;border-width: 0px 0px 0px 0px;border-color:#eae9e9;border-style:solid;\" ><div class=\"fusion-builder-row fusion-row\"><div class=\"fusion-layout-column fusion_builder_column fusion-builder-column-0 fusion_builder_column_1_1 1_1 fusion-one-full fusion-column-first fusion-column-last\" style=\"margin-top:0px;margin-bottom:20px;\"><div class=\"fusion-column-wrapper fusion-flex-column-wrapper-legacy\" style=\"background-position:left top;background-repeat:no-repeat;-webkit-background-size:cover;-moz-background-size:cover;-o-background-size:cover;background-size:cover;padding: 0px 0px 0px 0px;\"><div class=\"fusion-text fusion-text-1\">\n            \n            \n            \n            <a name='map1'><\/a>\n            \n            \n            \n            \n            <div class=\"wpgmza_map \"  id=\"wpgmza_map_1\" style=\"display:block; overflow:auto; width:100%; height:350px; float:left;\" data-settings='{\"id\":\"1\",\"map_title\":\"Detektei Bayerl M\\u00fcnchen\",\"map_width\":\"100\",\"map_height\":\"350\",\"map_start_lat\":\"48.127159\",\"map_start_lng\":\"11.584349\",\"map_start_location\":\"48.1271586780557,11.58434899999997\",\"map_start_zoom\":\"19\",\"default_marker\":\"0\",\"type\":\"3\",\"alignment\":\"1\",\"directions_enabled\":\"1\",\"styling_enabled\":\"0\",\"styling_json\":\"\",\"active\":\"0\",\"kml\":\"\",\"bicycle\":\"0\",\"traffic\":\"0\",\"dbox\":\"1\",\"dbox_width\":\"100\",\"listmarkers\":\"0\",\"listmarkers_advanced\":\"0\",\"filterbycat\":\"0\",\"ugm_enabled\":\"2\",\"ugm_category_enabled\":\"2\",\"fusion\":\"\",\"map_width_type\":\"\\\\%\",\"map_height_type\":\"px\",\"mass_marker_support\":\"1\",\"ugm_access\":\"2\",\"order_markers_by\":\"1\",\"order_markers_choice\":\"2\",\"show_user_location\":\"2\",\"default_to\":\"Lilienstrasse 81, 81669 M\\u00fcnchen\",\"other_settings\":{\"wpgmza_store_locator_restrict\":\"\",\"wpgmza_sl_animation\":\"1\",\"store_locator_bounce\":1,\"store_locator_query_string\":\"PLZ \\\/ Adresse:\",\"store_locator_name_string\":\"Bezeichnung \\\/ Beschreibung:\",\"store_locator_default_address\":\"\",\"wpgmza_dbox_width_type\":\"%\",\"map_max_zoom\":\"18\",\"map_min_zoom\":\"18\",\"sl_stroke_color\":\"FF0000\",\"sl_stroke_opacity\":\"0.25\",\"sl_fill_color\":\"FF0000\",\"sl_fill_opacity\":\"0.15\",\"click_open_link\":2,\"transport_layer\":0,\"iw_primary_color\":\"2A3744\",\"iw_accent_color\":\"252F3A\",\"iw_text_color\":\"FFFFFF\",\"wpgmza_iw_type\":\"0\",\"list_markers_by\":\"0\",\"push_in_map\":\"\",\"push_in_map_placement\":\"9\",\"wpgmza_push_in_map_width\":\"\",\"wpgmza_push_in_map_height\":\"\",\"wpgmza_theme_data\":\"\",\"upload_default_ul_marker\":\"\",\"upload_default_sl_marker\":\"\",\"wpgmza_ugm_upload_images\":2,\"wpgmza_ugm_link_enabled\":\"2\",\"wpgmza_ugm_desc_enabled\":\"1\",\"wpgmza_ugm_form_header\":\"\",\"wpgmza_ugm_form_title\":\"\",\"wpgmza_ugm_form_title_ph\":\"\",\"wpgmza_ugm_form_address\":\"\",\"wpgmza_ugm_form_address_ph\":\"\",\"wpgmza_ugm_form_address_help\":\"\",\"wpgmza_ugm_form_desc\":\"\",\"wpgmza_ugm_form_link\":\"\",\"wpgmza_ugm_form_link_ph\":\"\",\"wpgmza_ugm_form_image\":\"\",\"wpgmza_ugm_form_category\":\"\",\"zoom_after_ugm_submission\":\"0\",\"shortcodeAttributes\":{\"id\":\"1\"}}}' data-map-id='1' data-shortcode-attributes='{\"id\":\"1\"}'> <\/div>\n            \n               \n        <div style=\"display:block; width:100%;\">\n\t\t\t\t\n\t\t\t\t<div class=\"wpgmza-directions-box wpgmaps_directions_outer_div\" data-map-id=\"1\" style=\"width:100%;display:none;clear:both;\" id=\"wpgmaps_directions_edit_1\">\n\t<h2 class=\"wpgmza-directions-box__title\">Get Directions<\/h2>\n\t\n\t<div class=\"wpgmza-directions-box-inner\" id=\"wpgmaps_directions_editbox_1\">\n\t\t<div class=\"wpgmza-directions-actions wpgmza-form-field\">\n\t\t\t<div class=\"wpgmza-directions__travel-mode\">\n\t\t\t\t<span class=\"wpgmza-travel-mode-option wpgmza-travel-option__selected\" data-mode=\"driving\">\n\t\t\t\t\t<img decoding=\"async\" src=\"https:\/\/www.detektei-bayerl.de\/wp-content\/plugins\/wp-google-maps-pro\/images\/icons\/directions_car.png\">\n\t\t\t\t<\/span>\n\t\t\t\t<span class=\"wpgmza-travel-mode-option\" data-mode=\"walking\">\n\t\t\t\t\t<img decoding=\"async\" src=\"https:\/\/www.detektei-bayerl.de\/wp-content\/plugins\/wp-google-maps-pro\/images\/icons\/directions_walking.png\">\n\t\t\t\t<\/span>\n\t\t\t\t<span class=\"wpgmza-travel-mode-option\" data-mode=\"transit\">\n\t\t\t\t\t<img decoding=\"async\" src=\"https:\/\/www.detektei-bayerl.de\/wp-content\/plugins\/wp-google-maps-pro\/images\/icons\/directions_transit.png\">\n\t\t\t\t<\/span>\n\t\t\t\t<span class=\"wpgmza-travel-mode-option\" data-mode=\"bicycling\">\n\t\t\t\t\t<img decoding=\"async\" src=\"https:\/\/www.detektei-bayerl.de\/wp-content\/plugins\/wp-google-maps-pro\/images\/icons\/directions_bike.png\">\n\t\t\t\t<\/span>\n\t\t\t<\/div>\n\n\t\t\t<div class=\"wpgmza-directions-locations\">\n\t\t\t\t<div class=\"wpgmza-directions-from wpgmza-form-field\">\n\n\t\t\t\t\t<i class=\"wpgmza-directions-from__icon fa fa-circle\"><\/i>\n\t\t\t\n\t\t\t\t\t<label class=\"wpgmza-form-field__label\" for=\"wpgmza_input_from_1\">\n\t\t\t\t\t\tFrom\t\t\t\t\t<\/label>\n\t\t\t\t\t\n\t\t\t\t\t<input class=\"wpgmza-address wpgmza-directions-from wpgmza-form-field__input\" type=\"text\" placeholder=\"From\" value=\"\" id=\"wpgmza_input_from_1\">\n\t\t\t\t\n\t\t\t\t<\/div>\n\n\t\t\t\t<div class=\"wpgmza-directions-to wpgmza-form-field wpgmaps_to_row\">\n\n\t\t\t\t\t<i class=\"wpgmza-directions-to__icon fa fas fa-map-marker\"><\/i>\n\n\t\t\t\t\t<label class=\"wpgmza-form-field__label\" for=\"wpgmza_input_to_1\">\n\t\t\t\t\t\tTo\t\t\t\t\t<\/label>\n\t\t\t\t\t<input class=\"wpgmza-address wpgmza-form-field__input wpgmza-directions-to\" type=\"text\" placeholder=\"To\" value=\"Lilienstrasse 81, 81669 M\u00fcnchen\" id=\"wpgmza_input_to_1\">\n\t\t\t\t<\/div>\n\t\t\t\t\n\t\t\t\t<div class=\"wpgmza-waypoint-via wpgmza-form-field wpgmza-form-field--no-pad wpgmaps_via wpgmaps_template\">\n\n\t\t\t\t\t<i class=\"wpgmza-directions-from__icon fa fa-circle\"><\/i>\n\t\t\t\t\n\t\t\t\t\t<input class=\"wpgmza-waypoint-via wpgmza-form-field__input wpgmaps_via\" type=\"text\" placeholder=\"Via\">\n\t\t\t\t\t\n\t\t\t\t\t<button href=\"javascript:%20;\" class=\"wpgmza_remove_via\">\n\t\t\t\t\t\t<i class=\"fa fa-times\"><\/i>\n\t\t\t\t\t<\/button>\n\t\t\t\t\t\n\t\t\t\t<\/div>\n\t\t\t\t\n\t\t\t\t<div class=\"wpgmza-add-waypoint wpgmza-form-field wpgmza-form-field--no-pad wpgmaps_add_waypoint\">\n\t\t\t\t\t<div class=\"wpgmaps_add_waypoint\">\n\t\t\t\t\t\t<a href=\"javascript:%20;\" class=\"wpgmaps_add_waypoint\" mapid=\"1\">\n\t\t\t\t\t\t\t<i class=\"fa fa-plus-circle\" aria-hidden=\"true\"><\/i>\n\t\t\t\t\t\t\tAdd Waypoint\t\t\t\t\t\t<\/a>\n\t\t\t\t\t<\/div>\n\t\t\t\t<\/div>\n\t\t\t<\/div>\n\n\t\t\t<div class=\"wpgmza-hidden\">\n\t\t\t<label class=\"wpgmza-travel-mode wpgmza-form-field__label\" for=\"wpgmza_dir_type_1\">\n\t\t\t\tFor\t\t\t<\/label>\n\t\t\t<select class=\"wpgmza-travel-mode wpgmza-form-field__input\" name=\"wpgmza_dir_type_1\" id=\"wpgmza_dir_type_1\">\n\t\t\t\t<option value=\"driving\">\n\t\t\t\t\tDriving\t\t\t\t<\/option>\n\t\t\t\t<option value=\"walking\">\n\t\t\t\t\tWalking\t\t\t\t<\/option>\n\t\t\t\t<option value=\"transit\">\n\t\t\t\t\tTransit\t\t\t\t<\/option>\n\t\t\t\t<option value=\"bicycling\">\n\t\t\t\t\tBicycling\t\t\t\t<\/option>\n\t\t\t<\/select>\n\t\t\t<\/div>\n\t\t<\/div>\n\t\t\t\n\t\t<div class=\"wpgmza-directions-options__section\">\n\t\t\t<a href=\"javascript:;\" class=\"wpgmza-show-directions-options\" id=\"wpgmza_show_options_1\" mapid=\"1\">\n\t\t\t\tshow options\t\t\t<\/a>\n\t\t\t\n\t\t\t<a href=\"javascript:;\" class=\"wpgmza-hide-directions-options\" id=\"wpgmza_hide_options_1\" mapid=\"1\">\n\t\t\t\thide options\t\t\t<\/a>\n\t\t\t\n\t\t\t<div class=\"wpgmza-directions-options wpgmza-form-field wpgmza-form-field--no-pad wpgmza_dir_options\">\n\t\t\t\t<label class=\"class\">\n\t\t\t\t\t<input type=\"checkbox\" class=\"wpgmza-avoid-tolls\" value=\"tolls\" name=\"wpgmza_tolls_1\" id=\"wpgmza_tolls_1\">\n\t\t\t\t\tAvoid Tolls\t\t\t\t<\/label>\n\t\t\t\t<label class=\"class\">\n\t\t\t\t\t<input type=\"checkbox\" class=\"wpgmza-avoid-highways\" value=\"highways\" name=\"wpgmza_highways_1\" id=\"wpgmza_highways_1\">\n\t\t\t\t\tAvoid Highways\t\t\t\t<\/label>\n\t\t\t\t<label class=\"class\">\n\t\t\t\t\t<input type=\"checkbox\" class=\"wpgmza-avoid-ferries\" value=\"ferries\" name=\"wpgmza_ferries_1\" id=\"wpgmza_ferries_1\">\n\t\t\t\t\tAvoid Ferries\t\t\t\t<\/label>\n\t\t\t<\/div>\n\t\t<\/div>\n\t\t\n\t<\/div>\n\t\n\t<div class=\"wpgmza-directions-buttons wpgmza-form-field wpgmaps_to_row\">\n\t\t<input class=\"wpgmza-get-directions wpgmaps_get_directions\" onclick=\"javascript: ;\" type=\"button\" value=\"Go\" id=\"1\">\n\t\t\n\t\t<span class=\"wpgmza-directions-result__buttons\">\n\t\t\t<a class=\"wpgmza-print-directions\" style=\"display: none;\" onclick=\"javascript: ;\" mapid=\"1\">\n\t\t\t\tPrint directions\t\t\t<\/a>\n\t\t\t\n\t\t\t<a class=\"wpgmza-reset-directions\" style=\"display: none;\" onclick=\"javascript: ;\" mapid=\"1\">\n\t\t\t\tReset directions\t\t\t<\/a>\n\t\t<\/span>\n\t<\/div>\n<\/div>\n\t\t\t\t\n\t\t\t\t<div id=\"wpgmaps_directions_notification_1\" style=\"display:none;\">Fetching directions......<\/div>\n\t\t\t\t\n\t\t\t\t<div id=\"wpgmaps_directions_reset_1\" style=\"display:none;\">\n\n\t\t\t\t\t<a href='javascript:void(0)' onclick='wpgmza_reset_directions(1);' id='wpgmaps_reset_directions' title='Reset directions'>Reset directions<\/a>\n\t\t\t\t\t<br \/>\n\t\t\t\t\t<a href='javascript: ;' id='wpgmaps_print_directions_1' target='_blank' title='Print directions'>Print directions<\/a>\n\t\t\t\t<\/div>\n\t\t\t\t\n\t\t\t\t<div id=\"directions_panel_1\"><\/div>\n\n\t\t\t<\/div>\n<\/div><div class=\"fusion-clearfix\"><\/div><\/div><\/div><div class=\"fusion-layout-column fusion_builder_column fusion-builder-column-1 fusion_builder_column_1_1 1_1 fusion-one-full fusion-column-first fusion-column-last\" style=\"margin-top:0px;margin-bottom:20px;\"><div class=\"fusion-column-wrapper fusion-flex-column-wrapper-legacy\" style=\"background-position:left top;background-repeat:no-repeat;-webkit-background-size:cover;-moz-background-size:cover;-o-background-size:cover;background-size:cover;padding: 0px 0px 0px 0px;\"><div class=\"fusion-text fusion-text-2\"><h2>Detective agency Bayerl Munich<\/h2>\n<p>Welcome to the detective agency Munich!<\/p>\n<p>F\u00fcrstenfelder Str. 5<br \/>\nD-80331 Munich<\/p>\n<p>T: +49 89 4895 2299<br \/>\nF: +49 89 4895 2289<br \/>\nE: office@detektei-bayerl.de<\/p>\n<\/div><div class=\"fusion-clearfix\"><\/div><\/div><\/div><div class=\"fusion-layout-column fusion_builder_column fusion-builder-column-2 fusion_builder_column_1_1 1_1 fusion-one-full fusion-column-first fusion-column-last\" style=\"margin-top:0px;margin-bottom:20px;\"><div class=\"fusion-column-wrapper fusion-flex-column-wrapper-legacy\" style=\"background-position:left top;background-repeat:no-repeat;-webkit-background-size:cover;-moz-background-size:cover;-o-background-size:cover;background-size:cover;padding: 0px 0px 0px 0px;\"><div class=\"fusion-text fusion-text-3\"><h2>How to reach us &#8230;<\/h2>\n<h4>Detective agency Munich (by plane)<\/h4>\n<ul>\n<li>with the S-Bahn S1 or S8 to the stop &#8220;Marienplatz&#8221;, exit &#8220;Kaufingerstra\u00dfe&#8221;. We are happy to organize a VIP shuttle service for you.<\/li>\n<\/ul>\n<h4>Detective agency Munich (by train)<\/h4>\n<ul>\n<li>from the central station or Ostbahnhof with all S-Bahn lines to the stop &#8220;Marienplatz&#8221;, exit &#8220;Kaufingerstra\u00dfe&#8221;<\/li>\n<\/ul>\n<h4>Detective agency Munich (with the MVV)<\/h4>\n<ul>\n<li>U-Bahn U3 and U6 or S-Bahn all lines, stop &#8220;Marienplatz&#8221;, exit &#8220;Kaufingerstra\u00dfe&#8221;<\/li>\n<\/ul>\n<h4>Detective agency Munich (by car or taxi)<\/h4>\n<ul>\n<li>From Altstadtring &#8211; Sonnenstra\u00dfe via Herzogspitalstra\u00dfe &#8211; Altheimer Eck &#8211; F\u00e4rbergraben &#8211; Sattlerstra\u00dfe &#8211; F\u00fcrstenfelder Stra\u00dfe.<br \/>\nThe City-Parkhaus am F\u00e4rbergraben, F\u00e4rbergraben 5-10, 80331 Munich, is located right next to our entrance.<\/li>\n<\/ul>\n<h4>Detective agency Munich (on foot)<\/h4>\n<ul>\n<li>It is only 200 m from Marienplatz via Kaufingerstra\u00dfe and Kaufingertor Passage.<\/li>\n<\/ul>\n<\/div><div class=\"fusion-clearfix\"><\/div><\/div><\/div><div class=\"fusion-layout-column fusion_builder_column fusion-builder-column-3 fusion_builder_column_1_1 1_1 fusion-one-full fusion-column-first fusion-column-last\" style=\"margin-top:0px;margin-bottom:20px;\"><div class=\"fusion-column-wrapper fusion-flex-column-wrapper-legacy\" style=\"background-position:left top;background-repeat:no-repeat;-webkit-background-size:cover;-moz-background-size:cover;-o-background-size:cover;background-size:cover;padding: 0px 0px 0px 0px;\"><div class=\"fusion-text fusion-text-4\"><h3>We are looking forward to a first conversation with you!<\/h3>\n<\/div><div class=\"fusion-clearfix\"><\/div><\/div><\/div><\/div><\/div>\n","protected":false},"excerpt":{"rendered":"","protected":false},"author":1,"featured_media":0,"parent":0,"menu_order":0,"comment_status":"closed","ping_status":"closed","template":"","meta":{"footnotes":""},"yst_prominent_words":[71,57,68,67,70,69,244,240,127,245,243,238,236,235,242,241,239,237,55,56],"class_list":["post-830","page","type-page","status-publish","hentry"],"_links":{"self":[{"href":"https:\/\/www.detektei-bayerl.de\/en\/wp-json\/wp\/v2\/pages\/830","targetHints":{"allow":["GET"]}}],"collection":[{"href":"https:\/\/www.detektei-bayerl.de\/en\/wp-json\/wp\/v2\/pages"}],"about":[{"href":"https:\/\/www.detektei-bayerl.de\/en\/wp-json\/wp\/v2\/types\/page"}],"author":[{"embeddable":true,"href":"https:\/\/www.detektei-bayerl.de\/en\/wp-json\/wp\/v2\/users\/1"}],"replies":[{"embeddable":true,"href":"https:\/\/www.detektei-bayerl.de\/en\/wp-json\/wp\/v2\/comments?post=830"}],"version-history":[{"count":7,"href":"https:\/\/www.detektei-bayerl.de\/en\/wp-json\/wp\/v2\/pages\/830\/revisions"}],"predecessor-version":[{"id":838,"href":"https:\/\/www.detektei-bayerl.de\/en\/wp-json\/wp\/v2\/pages\/830\/revisions\/838"}],"wp:attachment":[{"href":"https:\/\/www.detektei-bayerl.de\/en\/wp-json\/wp\/v2\/media?parent=830"}],"wp:term":[{"taxonomy":"yst_prominent_words","embeddable":true,"href":"https:\/\/www.detektei-bayerl.de\/en\/wp-json\/wp\/v2\/yst_prominent_words?post=830"}],"curies":[{"name":"wp","href":"https:\/\/api.w.org\/{rel}","templated":true}]}}